{"id":176,"date":"2026-02-12T08:43:47","date_gmt":"2026-02-12T08:43:47","guid":{"rendered":"https:\/\/finravia.com\/mx\/?page_id=176"},"modified":"2026-02-12T08:43:47","modified_gmt":"2026-02-12T08:43:47","slug":"terminos-de-uso","status":"publish","type":"page","link":"https:\/\/finravia.com\/mx\/terminos-de-uso\/","title":{"rendered":"T\u00e9rminos de Uso \u2014 Finravia M\u00e9xico"},"content":{"rendered":"","protected":false},"excerpt":{"rendered":"","protected":false},"author":1,"featured_media":0,"parent":0,"menu_order":0,"comment_status":"closed","ping_status":"closed","template":"","meta":{"_acf_changed":false,"footnotes":""},"class_list":["post-176","page","type-page","status-publish","hentry"],"acf":[],"yoast_head":"<!-- This site is optimized with the Yoast SEO plugin v26.9 - https:\/\/yoast.com\/product\/yoast-seo-wordpress\/ -->\n<title>T\u00e9rminos de Uso y Acuerdo de Usuario - Finravia M\u00e9xico<\/title>\n<meta name=\"description\" content=\"Consulta los T\u00e9rminos de Uso de Finravia: solo informaci\u00f3n, sin asesor\u00eda financiera, enlaces externos, PI, l\u00edmites de responsabilidad y privacidad\/cookies.\" \/>\n<meta name=\"robots\" content=\"index, follow, max-snippet:-1, max-image-preview:large, max-video-preview:-1\" \/>\n<link rel=\"canonical\" href=\"https:\/\/finravia.com\/mx\/terminos-de-uso\/\" \/>\n<meta property=\"og:locale\" content=\"es_MX\" \/>\n<meta property=\"og:type\" content=\"article\" \/>\n<meta property=\"og:title\" content=\"T\u00e9rminos de Uso y Acuerdo de Usuario - Finravia M\u00e9xico\" \/>\n<meta property=\"og:description\" content=\"Consulta los T\u00e9rminos de Uso de Finravia: solo informaci\u00f3n, sin asesor\u00eda financiera, enlaces externos, PI, l\u00edmites de responsabilidad y privacidad\/cookies.\" \/>\n<meta property=\"og:url\" content=\"https:\/\/finravia.com\/mx\/terminos-de-uso\/\" \/>\n<meta property=\"og:site_name\" content=\"Finravia M\u00e9xico\" \/>\n<meta name=\"twitter:card\" content=\"summary_large_image\" \/>\n<script type=\"application\/ld+json\" class=\"yoast-schema-graph\">{\"@context\":\"https:\/\/schema.org\",\"@graph\":[{\"@type\":\"WebPage\",\"@id\":\"https:\/\/finravia.com\/mx\/terminos-de-uso\/\",\"url\":\"https:\/\/finravia.com\/mx\/terminos-de-uso\/\",\"name\":\"T\u00e9rminos de Uso y Acuerdo de Usuario - Finravia M\u00e9xico\",\"isPartOf\":{\"@id\":\"https:\/\/finravia.com\/mx\/#website\"},\"datePublished\":\"2026-02-12T08:43:47+00:00\",\"description\":\"Consulta los T\u00e9rminos de Uso de Finravia: solo informaci\u00f3n, sin asesor\u00eda financiera, enlaces externos, PI, l\u00edmites de responsabilidad y privacidad\/cookies.\",\"breadcrumb\":{\"@id\":\"https:\/\/finravia.com\/mx\/terminos-de-uso\/#breadcrumb\"},\"inLanguage\":\"es\",\"potentialAction\":[{\"@type\":\"ReadAction\",\"target\":[\"https:\/\/finravia.com\/mx\/terminos-de-uso\/\"]}]},{\"@type\":\"BreadcrumbList\",\"@id\":\"https:\/\/finravia.com\/mx\/terminos-de-uso\/#breadcrumb\",\"itemListElement\":[{\"@type\":\"ListItem\",\"position\":1,\"name\":\"Home\",\"item\":\"https:\/\/finravia.com\/mx\/\"},{\"@type\":\"ListItem\",\"position\":2,\"name\":\"T\u00e9rminos de Uso \u2014 Finravia M\u00e9xico\"}]},{\"@type\":\"WebSite\",\"@id\":\"https:\/\/finravia.com\/mx\/#website\",\"url\":\"https:\/\/finravia.com\/mx\/\",\"name\":\"Finravia M\u00e9xico\",\"description\":\"&quot;FinRavia \u2014 lo financiero, en claro.&quot; FinRavia es un portal informativo de finanzas personales en M\u00e9xico que ofrece rese\u00f1as, gu\u00edas pr\u00e1cticas y contenido actualizado para ayudarte a entender comisiones, condiciones y riesgos y tomar decisiones con claridad.\",\"potentialAction\":[{\"@type\":\"SearchAction\",\"target\":{\"@type\":\"EntryPoint\",\"urlTemplate\":\"https:\/\/finravia.com\/mx\/?s={search_term_string}\"},\"query-input\":{\"@type\":\"PropertyValueSpecification\",\"valueRequired\":true,\"valueName\":\"search_term_string\"}}],\"inLanguage\":\"es\"}]}<\/script>\n<!-- \/ Yoast SEO plugin. -->","yoast_head_json":{"title":"T\u00e9rminos de Uso y Acuerdo de Usuario - Finravia M\u00e9xico","description":"Consulta los T\u00e9rminos de Uso de Finravia: solo informaci\u00f3n, sin asesor\u00eda financiera, enlaces externos, PI, l\u00edmites de responsabilidad y privacidad\/cookies.","robots":{"index":"index","follow":"follow","max-snippet":"max-snippet:-1","max-image-preview":"max-image-preview:large","max-video-preview":"max-video-preview:-1"},"canonical":"https:\/\/finravia.com\/mx\/terminos-de-uso\/","og_locale":"es_MX","og_type":"article","og_title":"T\u00e9rminos de Uso y Acuerdo de Usuario - Finravia M\u00e9xico","og_description":"Consulta los T\u00e9rminos de Uso de Finravia: solo informaci\u00f3n, sin asesor\u00eda financiera, enlaces externos, PI, l\u00edmites de responsabilidad y privacidad\/cookies.","og_url":"https:\/\/finravia.com\/mx\/terminos-de-uso\/","og_site_name":"Finravia M\u00e9xico","twitter_card":"summary_large_image","schema":{"@context":"https:\/\/schema.org","@graph":[{"@type":"WebPage","@id":"https:\/\/finravia.com\/mx\/terminos-de-uso\/","url":"https:\/\/finravia.com\/mx\/terminos-de-uso\/","name":"T\u00e9rminos de Uso y Acuerdo de Usuario - Finravia M\u00e9xico","isPartOf":{"@id":"https:\/\/finravia.com\/mx\/#website"},"datePublished":"2026-02-12T08:43:47+00:00","description":"Consulta los T\u00e9rminos de Uso de Finravia: solo informaci\u00f3n, sin asesor\u00eda financiera, enlaces externos, PI, l\u00edmites de responsabilidad y privacidad\/cookies.","breadcrumb":{"@id":"https:\/\/finravia.com\/mx\/terminos-de-uso\/#breadcrumb"},"inLanguage":"es","potentialAction":[{"@type":"ReadAction","target":["https:\/\/finravia.com\/mx\/terminos-de-uso\/"]}]},{"@type":"BreadcrumbList","@id":"https:\/\/finravia.com\/mx\/terminos-de-uso\/#breadcrumb","itemListElement":[{"@type":"ListItem","position":1,"name":"Home","item":"https:\/\/finravia.com\/mx\/"},{"@type":"ListItem","position":2,"name":"T\u00e9rminos de Uso \u2014 Finravia M\u00e9xico"}]},{"@type":"WebSite","@id":"https:\/\/finravia.com\/mx\/#website","url":"https:\/\/finravia.com\/mx\/","name":"Finravia M\u00e9xico","description":"&quot;FinRavia \u2014 lo financiero, en claro.&quot; FinRavia es un portal informativo de finanzas personales en M\u00e9xico que ofrece rese\u00f1as, gu\u00edas pr\u00e1cticas y contenido actualizado para ayudarte a entender comisiones, condiciones y riesgos y tomar decisiones con claridad.","potentialAction":[{"@type":"SearchAction","target":{"@type":"EntryPoint","urlTemplate":"https:\/\/finravia.com\/mx\/?s={search_term_string}"},"query-input":{"@type":"PropertyValueSpecification","valueRequired":true,"valueName":"search_term_string"}}],"inLanguage":"es"}]}},"_links":{"self":[{"href":"https:\/\/finravia.com\/mx\/wp-json\/wp\/v2\/pages\/176","targetHints":{"allow":["GET"]}}],"collection":[{"href":"https:\/\/finravia.com\/mx\/wp-json\/wp\/v2\/pages"}],"about":[{"href":"https:\/\/finravia.com\/mx\/wp-json\/wp\/v2\/types\/page"}],"author":[{"embeddable":true,"href":"https:\/\/finravia.com\/mx\/wp-json\/wp\/v2\/users\/1"}],"replies":[{"embeddable":true,"href":"https:\/\/finravia.com\/mx\/wp-json\/wp\/v2\/comments?post=176"}],"version-history":[{"count":1,"href":"https:\/\/finravia.com\/mx\/wp-json\/wp\/v2\/pages\/176\/revisions"}],"predecessor-version":[{"id":177,"href":"https:\/\/finravia.com\/mx\/wp-json\/wp\/v2\/pages\/176\/revisions\/177"}],"wp:attachment":[{"href":"https:\/\/finravia.com\/mx\/wp-json\/wp\/v2\/media?parent=176"}],"curies":[{"name":"wp","href":"https:\/\/api.w.org\/{rel}","templated":true}]}}