{"id":180,"date":"2026-02-12T14:53:36","date_gmt":"2026-02-12T14:53:36","guid":{"rendered":"https:\/\/finravia.com\/mx\/?page_id=180"},"modified":"2026-02-12T14:53:36","modified_gmt":"2026-02-12T14:53:36","slug":"politica-editorial","status":"publish","type":"page","link":"https:\/\/finravia.com\/mx\/politica-editorial\/","title":{"rendered":"Pol\u00edtica editorial \u2014 Finravia M\u00e9xico"},"content":{"rendered":"","protected":false},"excerpt":{"rendered":"","protected":false},"author":1,"featured_media":0,"parent":0,"menu_order":0,"comment_status":"closed","ping_status":"closed","template":"","meta":{"_acf_changed":false,"footnotes":""},"class_list":["post-180","page","type-page","status-publish","hentry"],"acf":[],"yoast_head":"<!-- This site is optimized with the Yoast SEO plugin v26.9 - https:\/\/yoast.com\/product\/yoast-seo-wordpress\/ -->\n<title>Pol\u00edtica editorial y est\u00e1ndares en M\u00e9xico - Finravia<\/title>\n<meta name=\"description\" content=\"Conoce c\u00f3mo Finravia crea, verifica, actualiza y corrige contenido financiero, con reglas de fuentes, divulgaciones e independencia editorial.\" \/>\n<meta name=\"robots\" content=\"index, follow, max-snippet:-1, max-image-preview:large, max-video-preview:-1\" \/>\n<link rel=\"canonical\" href=\"https:\/\/finravia.com\/mx\/politica-editorial\/\" \/>\n<meta property=\"og:locale\" content=\"es_MX\" \/>\n<meta property=\"og:type\" content=\"article\" \/>\n<meta property=\"og:title\" content=\"Pol\u00edtica editorial y est\u00e1ndares en M\u00e9xico - Finravia\" \/>\n<meta property=\"og:description\" content=\"Conoce c\u00f3mo Finravia crea, verifica, actualiza y corrige contenido financiero, con reglas de fuentes, divulgaciones e independencia editorial.\" \/>\n<meta property=\"og:url\" content=\"https:\/\/finravia.com\/mx\/politica-editorial\/\" \/>\n<meta property=\"og:site_name\" content=\"Finravia M\u00e9xico\" \/>\n<meta name=\"twitter:card\" content=\"summary_large_image\" \/>\n<script type=\"application\/ld+json\" class=\"yoast-schema-graph\">{\"@context\":\"https:\/\/schema.org\",\"@graph\":[{\"@type\":\"WebPage\",\"@id\":\"https:\/\/finravia.com\/mx\/politica-editorial\/\",\"url\":\"https:\/\/finravia.com\/mx\/politica-editorial\/\",\"name\":\"Pol\u00edtica editorial y est\u00e1ndares en M\u00e9xico - Finravia\",\"isPartOf\":{\"@id\":\"https:\/\/finravia.com\/mx\/#website\"},\"datePublished\":\"2026-02-12T14:53:36+00:00\",\"description\":\"Conoce c\u00f3mo Finravia crea, verifica, actualiza y corrige contenido financiero, con reglas de fuentes, divulgaciones e independencia editorial.\",\"breadcrumb\":{\"@id\":\"https:\/\/finravia.com\/mx\/politica-editorial\/#breadcrumb\"},\"inLanguage\":\"es\",\"potentialAction\":[{\"@type\":\"ReadAction\",\"target\":[\"https:\/\/finravia.com\/mx\/politica-editorial\/\"]}]},{\"@type\":\"BreadcrumbList\",\"@id\":\"https:\/\/finravia.com\/mx\/politica-editorial\/#breadcrumb\",\"itemListElement\":[{\"@type\":\"ListItem\",\"position\":1,\"name\":\"Home\",\"item\":\"https:\/\/finravia.com\/mx\/\"},{\"@type\":\"ListItem\",\"position\":2,\"name\":\"Pol\u00edtica editorial \u2014 Finravia M\u00e9xico\"}]},{\"@type\":\"WebSite\",\"@id\":\"https:\/\/finravia.com\/mx\/#website\",\"url\":\"https:\/\/finravia.com\/mx\/\",\"name\":\"Finravia M\u00e9xico\",\"description\":\"&quot;FinRavia \u2014 lo financiero, en claro.&quot; FinRavia es un portal informativo de finanzas personales en M\u00e9xico que ofrece rese\u00f1as, gu\u00edas pr\u00e1cticas y contenido actualizado para ayudarte a entender comisiones, condiciones y riesgos y tomar decisiones con claridad.\",\"potentialAction\":[{\"@type\":\"SearchAction\",\"target\":{\"@type\":\"EntryPoint\",\"urlTemplate\":\"https:\/\/finravia.com\/mx\/?s={search_term_string}\"},\"query-input\":{\"@type\":\"PropertyValueSpecification\",\"valueRequired\":true,\"valueName\":\"search_term_string\"}}],\"inLanguage\":\"es\"}]}<\/script>\n<!-- \/ Yoast SEO plugin. -->","yoast_head_json":{"title":"Pol\u00edtica editorial y est\u00e1ndares en M\u00e9xico - Finravia","description":"Conoce c\u00f3mo Finravia crea, verifica, actualiza y corrige contenido financiero, con reglas de fuentes, divulgaciones e independencia editorial.","robots":{"index":"index","follow":"follow","max-snippet":"max-snippet:-1","max-image-preview":"max-image-preview:large","max-video-preview":"max-video-preview:-1"},"canonical":"https:\/\/finravia.com\/mx\/politica-editorial\/","og_locale":"es_MX","og_type":"article","og_title":"Pol\u00edtica editorial y est\u00e1ndares en M\u00e9xico - Finravia","og_description":"Conoce c\u00f3mo Finravia crea, verifica, actualiza y corrige contenido financiero, con reglas de fuentes, divulgaciones e independencia editorial.","og_url":"https:\/\/finravia.com\/mx\/politica-editorial\/","og_site_name":"Finravia M\u00e9xico","twitter_card":"summary_large_image","schema":{"@context":"https:\/\/schema.org","@graph":[{"@type":"WebPage","@id":"https:\/\/finravia.com\/mx\/politica-editorial\/","url":"https:\/\/finravia.com\/mx\/politica-editorial\/","name":"Pol\u00edtica editorial y est\u00e1ndares en M\u00e9xico - Finravia","isPartOf":{"@id":"https:\/\/finravia.com\/mx\/#website"},"datePublished":"2026-02-12T14:53:36+00:00","description":"Conoce c\u00f3mo Finravia crea, verifica, actualiza y corrige contenido financiero, con reglas de fuentes, divulgaciones e independencia editorial.","breadcrumb":{"@id":"https:\/\/finravia.com\/mx\/politica-editorial\/#breadcrumb"},"inLanguage":"es","potentialAction":[{"@type":"ReadAction","target":["https:\/\/finravia.com\/mx\/politica-editorial\/"]}]},{"@type":"BreadcrumbList","@id":"https:\/\/finravia.com\/mx\/politica-editorial\/#breadcrumb","itemListElement":[{"@type":"ListItem","position":1,"name":"Home","item":"https:\/\/finravia.com\/mx\/"},{"@type":"ListItem","position":2,"name":"Pol\u00edtica editorial \u2014 Finravia M\u00e9xico"}]},{"@type":"WebSite","@id":"https:\/\/finravia.com\/mx\/#website","url":"https:\/\/finravia.com\/mx\/","name":"Finravia M\u00e9xico","description":"&quot;FinRavia \u2014 lo financiero, en claro.&quot; FinRavia es un portal informativo de finanzas personales en M\u00e9xico que ofrece rese\u00f1as, gu\u00edas pr\u00e1cticas y contenido actualizado para ayudarte a entender comisiones, condiciones y riesgos y tomar decisiones con claridad.","potentialAction":[{"@type":"SearchAction","target":{"@type":"EntryPoint","urlTemplate":"https:\/\/finravia.com\/mx\/?s={search_term_string}"},"query-input":{"@type":"PropertyValueSpecification","valueRequired":true,"valueName":"search_term_string"}}],"inLanguage":"es"}]}},"_links":{"self":[{"href":"https:\/\/finravia.com\/mx\/wp-json\/wp\/v2\/pages\/180","targetHints":{"allow":["GET"]}}],"collection":[{"href":"https:\/\/finravia.com\/mx\/wp-json\/wp\/v2\/pages"}],"about":[{"href":"https:\/\/finravia.com\/mx\/wp-json\/wp\/v2\/types\/page"}],"author":[{"embeddable":true,"href":"https:\/\/finravia.com\/mx\/wp-json\/wp\/v2\/users\/1"}],"replies":[{"embeddable":true,"href":"https:\/\/finravia.com\/mx\/wp-json\/wp\/v2\/comments?post=180"}],"version-history":[{"count":1,"href":"https:\/\/finravia.com\/mx\/wp-json\/wp\/v2\/pages\/180\/revisions"}],"predecessor-version":[{"id":181,"href":"https:\/\/finravia.com\/mx\/wp-json\/wp\/v2\/pages\/180\/revisions\/181"}],"wp:attachment":[{"href":"https:\/\/finravia.com\/mx\/wp-json\/wp\/v2\/media?parent=180"}],"curies":[{"name":"wp","href":"https:\/\/api.w.org\/{rel}","templated":true}]}}