{"id":37,"date":"2026-02-11T07:17:43","date_gmt":"2026-02-11T07:17:43","guid":{"rendered":"https:\/\/finravia.com\/mx\/?page_id=37"},"modified":"2026-02-20T12:23:57","modified_gmt":"2026-02-20T12:23:57","slug":"contacto","status":"publish","type":"page","link":"https:\/\/finravia.com\/mx\/contacto\/","title":{"rendered":"Contacto"},"content":{"rendered":"","protected":false},"excerpt":{"rendered":"","protected":false},"author":1,"featured_media":0,"parent":0,"menu_order":0,"comment_status":"closed","ping_status":"closed","template":"","meta":{"_acf_changed":false,"footnotes":""},"class_list":["post-37","page","type-page","status-publish","hentry"],"acf":[],"yoast_head":"<!-- This site is optimized with the Yoast SEO plugin v26.9 - https:\/\/yoast.com\/product\/yoast-seo-wordpress\/ -->\n<title>Contacto Finravia M\u00e9xico: soporte, prensa y editorial<\/title>\n<meta name=\"description\" content=\"Contacta a Finravia M\u00e9xico. Emails por tema: soporte, redacci\u00f3n, prensa, carreras, negocios, afiliados, correcciones y privacidad. Horario: lun\u2013vie 10:00\u201319:00.\" \/>\n<meta name=\"robots\" content=\"index, follow, max-snippet:-1, max-image-preview:large, max-video-preview:-1\" \/>\n<link rel=\"canonical\" href=\"https:\/\/finravia.com\/mx\/contacto\/\" \/>\n<meta property=\"og:locale\" content=\"es_MX\" \/>\n<meta property=\"og:type\" content=\"article\" \/>\n<meta property=\"og:title\" content=\"Contacto Finravia M\u00e9xico: soporte, prensa y editorial\" \/>\n<meta property=\"og:description\" content=\"Contacta a Finravia M\u00e9xico. Emails por tema: soporte, redacci\u00f3n, prensa, carreras, negocios, afiliados, correcciones y privacidad. Horario: lun\u2013vie 10:00\u201319:00.\" \/>\n<meta property=\"og:url\" content=\"https:\/\/finravia.com\/mx\/contacto\/\" \/>\n<meta property=\"og:site_name\" content=\"Finravia M\u00e9xico\" \/>\n<meta property=\"article:modified_time\" content=\"2026-02-20T12:23:57+00:00\" \/>\n<meta name=\"twitter:card\" content=\"summary_large_image\" \/>\n<script type=\"application\/ld+json\" class=\"yoast-schema-graph\">{\"@context\":\"https:\/\/schema.org\",\"@graph\":[{\"@type\":\"WebPage\",\"@id\":\"https:\/\/finravia.com\/mx\/contacto\/\",\"url\":\"https:\/\/finravia.com\/mx\/contacto\/\",\"name\":\"Contacto Finravia M\u00e9xico: soporte, prensa y editorial\",\"isPartOf\":{\"@id\":\"https:\/\/finravia.com\/mx\/#website\"},\"datePublished\":\"2026-02-11T07:17:43+00:00\",\"dateModified\":\"2026-02-20T12:23:57+00:00\",\"description\":\"Contacta a Finravia M\u00e9xico. Emails por tema: soporte, redacci\u00f3n, prensa, carreras, negocios, afiliados, correcciones y privacidad. Horario: lun\u2013vie 10:00\u201319:00.\",\"breadcrumb\":{\"@id\":\"https:\/\/finravia.com\/mx\/contacto\/#breadcrumb\"},\"inLanguage\":\"es\",\"potentialAction\":[{\"@type\":\"ReadAction\",\"target\":[\"https:\/\/finravia.com\/mx\/contacto\/\"]}]},{\"@type\":\"BreadcrumbList\",\"@id\":\"https:\/\/finravia.com\/mx\/contacto\/#breadcrumb\",\"itemListElement\":[{\"@type\":\"ListItem\",\"position\":1,\"name\":\"Home\",\"item\":\"https:\/\/finravia.com\/mx\/\"},{\"@type\":\"ListItem\",\"position\":2,\"name\":\"Contacto\"}]},{\"@type\":\"WebSite\",\"@id\":\"https:\/\/finravia.com\/mx\/#website\",\"url\":\"https:\/\/finravia.com\/mx\/\",\"name\":\"Finravia M\u00e9xico\",\"description\":\"&quot;FinRavia \u2014 lo financiero, en claro.&quot; FinRavia es un portal informativo de finanzas personales en M\u00e9xico que ofrece rese\u00f1as, gu\u00edas pr\u00e1cticas y contenido actualizado para ayudarte a entender comisiones, condiciones y riesgos y tomar decisiones con claridad.\",\"potentialAction\":[{\"@type\":\"SearchAction\",\"target\":{\"@type\":\"EntryPoint\",\"urlTemplate\":\"https:\/\/finravia.com\/mx\/?s={search_term_string}\"},\"query-input\":{\"@type\":\"PropertyValueSpecification\",\"valueRequired\":true,\"valueName\":\"search_term_string\"}}],\"inLanguage\":\"es\"}]}<\/script>\n<!-- \/ Yoast SEO plugin. -->","yoast_head_json":{"title":"Contacto Finravia M\u00e9xico: soporte, prensa y editorial","description":"Contacta a Finravia M\u00e9xico. Emails por tema: soporte, redacci\u00f3n, prensa, carreras, negocios, afiliados, correcciones y privacidad. Horario: lun\u2013vie 10:00\u201319:00.","robots":{"index":"index","follow":"follow","max-snippet":"max-snippet:-1","max-image-preview":"max-image-preview:large","max-video-preview":"max-video-preview:-1"},"canonical":"https:\/\/finravia.com\/mx\/contacto\/","og_locale":"es_MX","og_type":"article","og_title":"Contacto Finravia M\u00e9xico: soporte, prensa y editorial","og_description":"Contacta a Finravia M\u00e9xico. Emails por tema: soporte, redacci\u00f3n, prensa, carreras, negocios, afiliados, correcciones y privacidad. Horario: lun\u2013vie 10:00\u201319:00.","og_url":"https:\/\/finravia.com\/mx\/contacto\/","og_site_name":"Finravia M\u00e9xico","article_modified_time":"2026-02-20T12:23:57+00:00","twitter_card":"summary_large_image","schema":{"@context":"https:\/\/schema.org","@graph":[{"@type":"WebPage","@id":"https:\/\/finravia.com\/mx\/contacto\/","url":"https:\/\/finravia.com\/mx\/contacto\/","name":"Contacto Finravia M\u00e9xico: soporte, prensa y editorial","isPartOf":{"@id":"https:\/\/finravia.com\/mx\/#website"},"datePublished":"2026-02-11T07:17:43+00:00","dateModified":"2026-02-20T12:23:57+00:00","description":"Contacta a Finravia M\u00e9xico. Emails por tema: soporte, redacci\u00f3n, prensa, carreras, negocios, afiliados, correcciones y privacidad. Horario: lun\u2013vie 10:00\u201319:00.","breadcrumb":{"@id":"https:\/\/finravia.com\/mx\/contacto\/#breadcrumb"},"inLanguage":"es","potentialAction":[{"@type":"ReadAction","target":["https:\/\/finravia.com\/mx\/contacto\/"]}]},{"@type":"BreadcrumbList","@id":"https:\/\/finravia.com\/mx\/contacto\/#breadcrumb","itemListElement":[{"@type":"ListItem","position":1,"name":"Home","item":"https:\/\/finravia.com\/mx\/"},{"@type":"ListItem","position":2,"name":"Contacto"}]},{"@type":"WebSite","@id":"https:\/\/finravia.com\/mx\/#website","url":"https:\/\/finravia.com\/mx\/","name":"Finravia M\u00e9xico","description":"&quot;FinRavia \u2014 lo financiero, en claro.&quot; FinRavia es un portal informativo de finanzas personales en M\u00e9xico que ofrece rese\u00f1as, gu\u00edas pr\u00e1cticas y contenido actualizado para ayudarte a entender comisiones, condiciones y riesgos y tomar decisiones con claridad.","potentialAction":[{"@type":"SearchAction","target":{"@type":"EntryPoint","urlTemplate":"https:\/\/finravia.com\/mx\/?s={search_term_string}"},"query-input":{"@type":"PropertyValueSpecification","valueRequired":true,"valueName":"search_term_string"}}],"inLanguage":"es"}]}},"_links":{"self":[{"href":"https:\/\/finravia.com\/mx\/wp-json\/wp\/v2\/pages\/37","targetHints":{"allow":["GET"]}}],"collection":[{"href":"https:\/\/finravia.com\/mx\/wp-json\/wp\/v2\/pages"}],"about":[{"href":"https:\/\/finravia.com\/mx\/wp-json\/wp\/v2\/types\/page"}],"author":[{"embeddable":true,"href":"https:\/\/finravia.com\/mx\/wp-json\/wp\/v2\/users\/1"}],"replies":[{"embeddable":true,"href":"https:\/\/finravia.com\/mx\/wp-json\/wp\/v2\/comments?post=37"}],"version-history":[{"count":2,"href":"https:\/\/finravia.com\/mx\/wp-json\/wp\/v2\/pages\/37\/revisions"}],"predecessor-version":[{"id":165,"href":"https:\/\/finravia.com\/mx\/wp-json\/wp\/v2\/pages\/37\/revisions\/165"}],"wp:attachment":[{"href":"https:\/\/finravia.com\/mx\/wp-json\/wp\/v2\/media?parent=37"}],"curies":[{"name":"wp","href":"https:\/\/api.w.org\/{rel}","templated":true}]}}