{"id":74,"date":"2026-01-25T15:30:31","date_gmt":"2026-01-25T15:30:31","guid":{"rendered":"https:\/\/finravia.com\/mx\/?page_id=74"},"modified":"2026-04-24T15:59:08","modified_gmt":"2026-04-24T15:59:08","slug":"urgentes-para-hoy-mismo","status":"publish","type":"page","link":"https:\/\/finravia.com\/mx\/prestamos\/urgentes-para-hoy-mismo\/","title":{"rendered":"Pr\u00e9stamos urgentes para hoy mismo"},"content":{"rendered":"","protected":false},"excerpt":{"rendered":"","protected":false},"author":2,"featured_media":0,"parent":19,"menu_order":0,"comment_status":"closed","ping_status":"closed","template":"","meta":{"_acf_changed":false,"footnotes":""},"class_list":["post-74","page","type-page","status-publish","hentry"],"acf":[],"yoast_head":"<!-- This site is optimized with the Yoast SEO plugin v26.9 - https:\/\/yoast.com\/product\/yoast-seo-wordpress\/ -->\n<title>Pr\u00e9stamos urgentes para hoy mismo en l\u00ednea en M\u00e9xico 2026 - Necesito dinero urgente<\/title>\n<meta name=\"description\" content=\"Necesito dinero urgente: 500 a 70,000 MXN, dep\u00f3sito en 5 a 15 min y respuesta de hasta 24 h. \u2b50 Aqu\u00ed ver\u00e1s requisitos, seguridad y opciones sin anticipo.\" \/>\n<meta name=\"robots\" content=\"index, follow, max-snippet:-1, max-image-preview:large, max-video-preview:-1\" \/>\n<link rel=\"canonical\" href=\"https:\/\/finravia.com\/mx\/prestamos\/urgentes-para-hoy-mismo\/\" \/>\n<meta property=\"og:locale\" content=\"es_MX\" \/>\n<meta property=\"og:type\" content=\"article\" \/>\n<meta property=\"og:title\" content=\"Pr\u00e9stamos urgentes para hoy mismo en l\u00ednea en M\u00e9xico 2026 - Necesito dinero urgente\" \/>\n<meta property=\"og:description\" content=\"Necesito dinero urgente: 500 a 70,000 MXN, dep\u00f3sito en 5 a 15 min y respuesta de hasta 24 h. \u2b50 Aqu\u00ed ver\u00e1s requisitos, seguridad y opciones sin anticipo.\" \/>\n<meta property=\"og:url\" content=\"https:\/\/finravia.com\/mx\/prestamos\/urgentes-para-hoy-mismo\/\" \/>\n<meta property=\"og:site_name\" content=\"Finravia M\u00e9xico\" \/>\n<meta property=\"article:modified_time\" content=\"2026-04-24T15:59:08+00:00\" \/>\n<meta name=\"twitter:card\" content=\"summary_large_image\" \/>\n<script type=\"application\/ld+json\" class=\"yoast-schema-graph\">{\"@context\":\"https:\/\/schema.org\",\"@graph\":[{\"@type\":\"WebPage\",\"@id\":\"https:\/\/finravia.com\/mx\/prestamos\/urgentes-para-hoy-mismo\/\",\"url\":\"https:\/\/finravia.com\/mx\/prestamos\/urgentes-para-hoy-mismo\/\",\"name\":\"Pr\u00e9stamos urgentes para hoy mismo en l\u00ednea en M\u00e9xico 2026 - Necesito dinero urgente\",\"isPartOf\":{\"@id\":\"https:\/\/finravia.com\/mx\/#website\"},\"datePublished\":\"2026-01-25T15:30:31+00:00\",\"dateModified\":\"2026-04-24T15:59:08+00:00\",\"description\":\"Necesito dinero urgente: 500 a 70,000 MXN, dep\u00f3sito en 5 a 15 min y respuesta de hasta 24 h. \u2b50 Aqu\u00ed ver\u00e1s requisitos, seguridad y opciones sin anticipo.\",\"breadcrumb\":{\"@id\":\"https:\/\/finravia.com\/mx\/prestamos\/urgentes-para-hoy-mismo\/#breadcrumb\"},\"inLanguage\":\"es\",\"potentialAction\":[{\"@type\":\"ReadAction\",\"target\":[\"https:\/\/finravia.com\/mx\/prestamos\/urgentes-para-hoy-mismo\/\"]}]},{\"@type\":\"BreadcrumbList\",\"@id\":\"https:\/\/finravia.com\/mx\/prestamos\/urgentes-para-hoy-mismo\/#breadcrumb\",\"itemListElement\":[{\"@type\":\"ListItem\",\"position\":1,\"name\":\"Home\",\"item\":\"https:\/\/finravia.com\/mx\/\"},{\"@type\":\"ListItem\",\"position\":2,\"name\":\"Prestamos\",\"item\":\"https:\/\/finravia.com\/mx\/prestamos\/\"},{\"@type\":\"ListItem\",\"position\":3,\"name\":\"Pr\u00e9stamos urgentes para hoy mismo\"}]},{\"@type\":\"WebSite\",\"@id\":\"https:\/\/finravia.com\/mx\/#website\",\"url\":\"https:\/\/finravia.com\/mx\/\",\"name\":\"Finravia M\u00e9xico\",\"description\":\"&quot;FinRavia \u2014 lo financiero, en claro.&quot; FinRavia es un portal informativo de finanzas personales en M\u00e9xico que ofrece rese\u00f1as, gu\u00edas pr\u00e1cticas y contenido actualizado para ayudarte a entender comisiones, condiciones y riesgos y tomar decisiones con claridad.\",\"potentialAction\":[{\"@type\":\"SearchAction\",\"target\":{\"@type\":\"EntryPoint\",\"urlTemplate\":\"https:\/\/finravia.com\/mx\/?s={search_term_string}\"},\"query-input\":{\"@type\":\"PropertyValueSpecification\",\"valueRequired\":true,\"valueName\":\"search_term_string\"}}],\"inLanguage\":\"es\"}]}<\/script>\n<!-- \/ Yoast SEO plugin. -->","yoast_head_json":{"title":"Pr\u00e9stamos urgentes para hoy mismo en l\u00ednea en M\u00e9xico 2026 - Necesito dinero urgente","description":"Necesito dinero urgente: 500 a 70,000 MXN, dep\u00f3sito en 5 a 15 min y respuesta de hasta 24 h. \u2b50 Aqu\u00ed ver\u00e1s requisitos, seguridad y opciones sin anticipo.","robots":{"index":"index","follow":"follow","max-snippet":"max-snippet:-1","max-image-preview":"max-image-preview:large","max-video-preview":"max-video-preview:-1"},"canonical":"https:\/\/finravia.com\/mx\/prestamos\/urgentes-para-hoy-mismo\/","og_locale":"es_MX","og_type":"article","og_title":"Pr\u00e9stamos urgentes para hoy mismo en l\u00ednea en M\u00e9xico 2026 - Necesito dinero urgente","og_description":"Necesito dinero urgente: 500 a 70,000 MXN, dep\u00f3sito en 5 a 15 min y respuesta de hasta 24 h. \u2b50 Aqu\u00ed ver\u00e1s requisitos, seguridad y opciones sin anticipo.","og_url":"https:\/\/finravia.com\/mx\/prestamos\/urgentes-para-hoy-mismo\/","og_site_name":"Finravia M\u00e9xico","article_modified_time":"2026-04-24T15:59:08+00:00","twitter_card":"summary_large_image","schema":{"@context":"https:\/\/schema.org","@graph":[{"@type":"WebPage","@id":"https:\/\/finravia.com\/mx\/prestamos\/urgentes-para-hoy-mismo\/","url":"https:\/\/finravia.com\/mx\/prestamos\/urgentes-para-hoy-mismo\/","name":"Pr\u00e9stamos urgentes para hoy mismo en l\u00ednea en M\u00e9xico 2026 - Necesito dinero urgente","isPartOf":{"@id":"https:\/\/finravia.com\/mx\/#website"},"datePublished":"2026-01-25T15:30:31+00:00","dateModified":"2026-04-24T15:59:08+00:00","description":"Necesito dinero urgente: 500 a 70,000 MXN, dep\u00f3sito en 5 a 15 min y respuesta de hasta 24 h. \u2b50 Aqu\u00ed ver\u00e1s requisitos, seguridad y opciones sin anticipo.","breadcrumb":{"@id":"https:\/\/finravia.com\/mx\/prestamos\/urgentes-para-hoy-mismo\/#breadcrumb"},"inLanguage":"es","potentialAction":[{"@type":"ReadAction","target":["https:\/\/finravia.com\/mx\/prestamos\/urgentes-para-hoy-mismo\/"]}]},{"@type":"BreadcrumbList","@id":"https:\/\/finravia.com\/mx\/prestamos\/urgentes-para-hoy-mismo\/#breadcrumb","itemListElement":[{"@type":"ListItem","position":1,"name":"Home","item":"https:\/\/finravia.com\/mx\/"},{"@type":"ListItem","position":2,"name":"Prestamos","item":"https:\/\/finravia.com\/mx\/prestamos\/"},{"@type":"ListItem","position":3,"name":"Pr\u00e9stamos urgentes para hoy mismo"}]},{"@type":"WebSite","@id":"https:\/\/finravia.com\/mx\/#website","url":"https:\/\/finravia.com\/mx\/","name":"Finravia M\u00e9xico","description":"&quot;FinRavia \u2014 lo financiero, en claro.&quot; FinRavia es un portal informativo de finanzas personales en M\u00e9xico que ofrece rese\u00f1as, gu\u00edas pr\u00e1cticas y contenido actualizado para ayudarte a entender comisiones, condiciones y riesgos y tomar decisiones con claridad.","potentialAction":[{"@type":"SearchAction","target":{"@type":"EntryPoint","urlTemplate":"https:\/\/finravia.com\/mx\/?s={search_term_string}"},"query-input":{"@type":"PropertyValueSpecification","valueRequired":true,"valueName":"search_term_string"}}],"inLanguage":"es"}]}},"_links":{"self":[{"href":"https:\/\/finravia.com\/mx\/wp-json\/wp\/v2\/pages\/74","targetHints":{"allow":["GET"]}}],"collection":[{"href":"https:\/\/finravia.com\/mx\/wp-json\/wp\/v2\/pages"}],"about":[{"href":"https:\/\/finravia.com\/mx\/wp-json\/wp\/v2\/types\/page"}],"author":[{"embeddable":true,"href":"https:\/\/finravia.com\/mx\/wp-json\/wp\/v2\/users\/2"}],"replies":[{"embeddable":true,"href":"https:\/\/finravia.com\/mx\/wp-json\/wp\/v2\/comments?post=74"}],"version-history":[{"count":3,"href":"https:\/\/finravia.com\/mx\/wp-json\/wp\/v2\/pages\/74\/revisions"}],"predecessor-version":[{"id":333,"href":"https:\/\/finravia.com\/mx\/wp-json\/wp\/v2\/pages\/74\/revisions\/333"}],"up":[{"embeddable":true,"href":"https:\/\/finravia.com\/mx\/wp-json\/wp\/v2\/pages\/19"}],"wp:attachment":[{"href":"https:\/\/finravia.com\/mx\/wp-json\/wp\/v2\/media?parent=74"}],"curies":[{"name":"wp","href":"https:\/\/api.w.org\/{rel}","templated":true}]}}